{"id":8473,"date":"2026-03-14T16:29:55","date_gmt":"2026-03-14T14:29:55","guid":{"rendered":"https:\/\/hire-cars-crete.gr\/thank-you\/"},"modified":"2026-04-17T07:17:49","modified_gmt":"2026-04-17T04:17:49","slug":"thank-you","status":"publish","type":"page","link":"https:\/\/hire-cars-crete.gr\/fr\/thank-you\/","title":{"rendered":"THANK YOU"},"content":{"rendered":"\t\t<div data-elementor-type=\"wp-page\" data-elementor-id=\"8473\" class=\"elementor elementor-8473 elementor-8118\" data-elementor-post-type=\"page\">\n\t\t\t\t\t\t<section class=\"elementor-section elementor-top-section elementor-element elementor-element-05243b3 elementor-section-boxed elementor-section-height-default elementor-section-height-default\" data-id=\"05243b3\" data-element_type=\"section\" data-e-type=\"section\">\n\t\t\t\t\t\t<div class=\"elementor-container elementor-column-gap-default\">\n\t\t\t\t\t<div class=\"elementor-column elementor-col-100 elementor-top-column elementor-element elementor-element-b256bf5\" data-id=\"b256bf5\" data-element_type=\"column\" data-e-type=\"column\">\n\t\t\t<div class=\"elementor-widget-wrap elementor-element-populated\">\n\t\t\t\t\t\t<div class=\"elementor-element elementor-element-1bac1e8 elementor-widget elementor-widget-text-editor\" data-id=\"1bac1e8\" data-element_type=\"widget\" data-e-type=\"widget\" data-widget_type=\"text-editor.default\">\n\t\t\t\t<div class=\"elementor-widget-container\">\n\t\t\t\t\t\t\t\t\t<p>Votre r\u00e9servation a bien \u00e9t\u00e9 envoy\u00e9e !<br>Vous recevrez un courriel sous peu.<br>\u00c0 bient\u00f4t !<\/p>\t\t\t\t\t\t\t\t<\/div>\n\t\t\t\t<\/div>\n\t\t\t\t\t<\/div>\n\t\t<\/div>\n\t\t\t\t\t<\/div>\n\t\t<\/section>\n\t\t\t\t<\/div>\n\t\t","protected":false},"excerpt":{"rendered":"<p>Votre r\u00e9servation a bien \u00e9t\u00e9 envoy\u00e9e !Vous recevrez un courriel sous peu.\u00c0 bient\u00f4t !<\/p>\n","protected":false},"author":3,"featured_media":0,"parent":0,"menu_order":0,"comment_status":"closed","ping_status":"closed","template":"","meta":{"_monsterinsights_skip_tracking":false,"_monsterinsights_sitenote_active":false,"_monsterinsights_sitenote_note":"","_monsterinsights_sitenote_category":0,"footnotes":""},"class_list":["post-8473","page","type-page","status-publish","hentry"],"yoast_head":"<!-- This site is optimized with the Yoast SEO plugin v27.5 - https:\/\/yoast.com\/product\/yoast-seo-wordpress\/ -->\n<title>THANK YOU - Hire Cars Crete - Rent a Car<\/title>\n<meta name=\"robots\" content=\"index, follow, max-snippet:-1, max-image-preview:large, max-video-preview:-1\" \/>\n<link rel=\"canonical\" href=\"https:\/\/hire-cars-crete.gr\/fr\/thank-you\/\" \/>\n<meta property=\"og:locale\" content=\"fr_FR\" \/>\n<meta property=\"og:type\" content=\"article\" \/>\n<meta property=\"og:title\" content=\"THANK YOU - Hire Cars Crete - Rent a Car\" \/>\n<meta property=\"og:description\" content=\"Votre r\u00e9servation a bien \u00e9t\u00e9 envoy\u00e9e !Vous recevrez un courriel sous peu.\u00c0 bient\u00f4t !\" \/>\n<meta property=\"og:url\" content=\"https:\/\/hire-cars-crete.gr\/fr\/thank-you\/\" \/>\n<meta property=\"og:site_name\" content=\"Hire Cars Crete - Rent a Car\" \/>\n<meta property=\"article:modified_time\" content=\"2026-04-17T04:17:49+00:00\" \/>\n<meta name=\"twitter:card\" content=\"summary_large_image\" \/>\n<script type=\"application\/ld+json\" class=\"yoast-schema-graph\">{\"@context\":\"https:\\\/\\\/schema.org\",\"@graph\":[{\"@type\":\"WebPage\",\"@id\":\"https:\\\/\\\/hire-cars-crete.gr\\\/fr\\\/thank-you\\\/\",\"url\":\"https:\\\/\\\/hire-cars-crete.gr\\\/fr\\\/thank-you\\\/\",\"name\":\"THANK YOU - Hire Cars Crete - Rent a Car\",\"isPartOf\":{\"@id\":\"https:\\\/\\\/hire-cars-crete.gr\\\/#website\"},\"datePublished\":\"2026-03-14T14:29:55+00:00\",\"dateModified\":\"2026-04-17T04:17:49+00:00\",\"breadcrumb\":{\"@id\":\"https:\\\/\\\/hire-cars-crete.gr\\\/fr\\\/thank-you\\\/#breadcrumb\"},\"inLanguage\":\"fr-FR\",\"potentialAction\":[{\"@type\":\"ReadAction\",\"target\":[\"https:\\\/\\\/hire-cars-crete.gr\\\/fr\\\/thank-you\\\/\"]}]},{\"@type\":\"BreadcrumbList\",\"@id\":\"https:\\\/\\\/hire-cars-crete.gr\\\/fr\\\/thank-you\\\/#breadcrumb\",\"itemListElement\":[{\"@type\":\"ListItem\",\"position\":1,\"name\":\"Home\",\"item\":\"https:\\\/\\\/hire-cars-crete.gr\\\/\"},{\"@type\":\"ListItem\",\"position\":2,\"name\":\"THANK YOU\"}]},{\"@type\":\"WebSite\",\"@id\":\"https:\\\/\\\/hire-cars-crete.gr\\\/#website\",\"url\":\"https:\\\/\\\/hire-cars-crete.gr\\\/\",\"name\":\"Hire Cars Crete - Rent a Car\",\"description\":\"Car Hire - Crete Greece\",\"publisher\":{\"@id\":\"https:\\\/\\\/hire-cars-crete.gr\\\/#organization\"},\"potentialAction\":[{\"@type\":\"SearchAction\",\"target\":{\"@type\":\"EntryPoint\",\"urlTemplate\":\"https:\\\/\\\/hire-cars-crete.gr\\\/?s={search_term_string}\"},\"query-input\":{\"@type\":\"PropertyValueSpecification\",\"valueRequired\":true,\"valueName\":\"search_term_string\"}}],\"inLanguage\":\"fr-FR\"},{\"@type\":\"Organization\",\"@id\":\"https:\\\/\\\/hire-cars-crete.gr\\\/#organization\",\"name\":\"Hire Cars Crete - Rent a Car\",\"url\":\"https:\\\/\\\/hire-cars-crete.gr\\\/\",\"logo\":{\"@type\":\"ImageObject\",\"inLanguage\":\"fr-FR\",\"@id\":\"https:\\\/\\\/hire-cars-crete.gr\\\/#\\\/schema\\\/logo\\\/image\\\/\",\"url\":\"https:\\\/\\\/hire-cars-crete.gr\\\/wp-content\\\/uploads\\\/2022\\\/01\\\/hire-cars-logo300.png\",\"contentUrl\":\"https:\\\/\\\/hire-cars-crete.gr\\\/wp-content\\\/uploads\\\/2022\\\/01\\\/hire-cars-logo300.png\",\"width\":300,\"height\":76,\"caption\":\"Hire Cars Crete - Rent a Car\"},\"image\":{\"@id\":\"https:\\\/\\\/hire-cars-crete.gr\\\/#\\\/schema\\\/logo\\\/image\\\/\"}}]}<\/script>\n<!-- \/ Yoast SEO plugin. -->","yoast_head_json":{"title":"THANK YOU - Hire Cars Crete - Rent a Car","robots":{"index":"index","follow":"follow","max-snippet":"max-snippet:-1","max-image-preview":"max-image-preview:large","max-video-preview":"max-video-preview:-1"},"canonical":"https:\/\/hire-cars-crete.gr\/fr\/thank-you\/","og_locale":"fr_FR","og_type":"article","og_title":"THANK YOU - Hire Cars Crete - Rent a Car","og_description":"Votre r\u00e9servation a bien \u00e9t\u00e9 envoy\u00e9e !Vous recevrez un courriel sous peu.\u00c0 bient\u00f4t !","og_url":"https:\/\/hire-cars-crete.gr\/fr\/thank-you\/","og_site_name":"Hire Cars Crete - Rent a Car","article_modified_time":"2026-04-17T04:17:49+00:00","twitter_card":"summary_large_image","schema":{"@context":"https:\/\/schema.org","@graph":[{"@type":"WebPage","@id":"https:\/\/hire-cars-crete.gr\/fr\/thank-you\/","url":"https:\/\/hire-cars-crete.gr\/fr\/thank-you\/","name":"THANK YOU - Hire Cars Crete - Rent a Car","isPartOf":{"@id":"https:\/\/hire-cars-crete.gr\/#website"},"datePublished":"2026-03-14T14:29:55+00:00","dateModified":"2026-04-17T04:17:49+00:00","breadcrumb":{"@id":"https:\/\/hire-cars-crete.gr\/fr\/thank-you\/#breadcrumb"},"inLanguage":"fr-FR","potentialAction":[{"@type":"ReadAction","target":["https:\/\/hire-cars-crete.gr\/fr\/thank-you\/"]}]},{"@type":"BreadcrumbList","@id":"https:\/\/hire-cars-crete.gr\/fr\/thank-you\/#breadcrumb","itemListElement":[{"@type":"ListItem","position":1,"name":"Home","item":"https:\/\/hire-cars-crete.gr\/"},{"@type":"ListItem","position":2,"name":"THANK YOU"}]},{"@type":"WebSite","@id":"https:\/\/hire-cars-crete.gr\/#website","url":"https:\/\/hire-cars-crete.gr\/","name":"Hire Cars Crete - Rent a Car","description":"Car Hire - Crete Greece","publisher":{"@id":"https:\/\/hire-cars-crete.gr\/#organization"},"potentialAction":[{"@type":"SearchAction","target":{"@type":"EntryPoint","urlTemplate":"https:\/\/hire-cars-crete.gr\/?s={search_term_string}"},"query-input":{"@type":"PropertyValueSpecification","valueRequired":true,"valueName":"search_term_string"}}],"inLanguage":"fr-FR"},{"@type":"Organization","@id":"https:\/\/hire-cars-crete.gr\/#organization","name":"Hire Cars Crete - Rent a Car","url":"https:\/\/hire-cars-crete.gr\/","logo":{"@type":"ImageObject","inLanguage":"fr-FR","@id":"https:\/\/hire-cars-crete.gr\/#\/schema\/logo\/image\/","url":"https:\/\/hire-cars-crete.gr\/wp-content\/uploads\/2022\/01\/hire-cars-logo300.png","contentUrl":"https:\/\/hire-cars-crete.gr\/wp-content\/uploads\/2022\/01\/hire-cars-logo300.png","width":300,"height":76,"caption":"Hire Cars Crete - Rent a Car"},"image":{"@id":"https:\/\/hire-cars-crete.gr\/#\/schema\/logo\/image\/"}}]}},"_links":{"self":[{"href":"https:\/\/hire-cars-crete.gr\/fr\/wp-json\/wp\/v2\/pages\/8473","targetHints":{"allow":["GET"]}}],"collection":[{"href":"https:\/\/hire-cars-crete.gr\/fr\/wp-json\/wp\/v2\/pages"}],"about":[{"href":"https:\/\/hire-cars-crete.gr\/fr\/wp-json\/wp\/v2\/types\/page"}],"author":[{"embeddable":true,"href":"https:\/\/hire-cars-crete.gr\/fr\/wp-json\/wp\/v2\/users\/3"}],"replies":[{"embeddable":true,"href":"https:\/\/hire-cars-crete.gr\/fr\/wp-json\/wp\/v2\/comments?post=8473"}],"version-history":[{"count":1,"href":"https:\/\/hire-cars-crete.gr\/fr\/wp-json\/wp\/v2\/pages\/8473\/revisions"}],"predecessor-version":[{"id":8474,"href":"https:\/\/hire-cars-crete.gr\/fr\/wp-json\/wp\/v2\/pages\/8473\/revisions\/8474"}],"wp:attachment":[{"href":"https:\/\/hire-cars-crete.gr\/fr\/wp-json\/wp\/v2\/media?parent=8473"}],"curies":[{"name":"wp","href":"https:\/\/api.w.org\/{rel}","templated":true}]}}