{"id":6730,"date":"2022-02-09T10:58:04","date_gmt":"2022-02-09T08:58:04","guid":{"rendered":"https:\/\/hire-cars-crete.gr\/a-propos-de-nous-2\/"},"modified":"2025-04-08T17:45:46","modified_gmt":"2025-04-08T14:45:46","slug":"a-propos-de-nous-2","status":"publish","type":"page","link":"https:\/\/hire-cars-crete.gr\/fr\/a-propos-de-nous-2\/","title":{"rendered":"\u00c0 PROPOS DE NOUS"},"content":{"rendered":"\t\t<div data-elementor-type=\"wp-page\" data-elementor-id=\"6730\" class=\"elementor elementor-6730 elementor-197\" data-elementor-post-type=\"page\">\n\t\t\t\t\t\t<section class=\"elementor-section elementor-top-section elementor-element elementor-element-4a0e6ba elementor-section-content-middle elementor-section-stretched elementor-section-boxed elementor-section-height-default elementor-section-height-default\" data-id=\"4a0e6ba\" data-element_type=\"section\" data-e-type=\"section\" data-settings=\"{&quot;stretch_section&quot;:&quot;section-stretched&quot;}\">\n\t\t\t\t\t\t<div class=\"elementor-container elementor-column-gap-default\">\n\t\t\t\t\t<div class=\"elementor-column elementor-col-100 elementor-top-column elementor-element elementor-element-fea91e6\" data-id=\"fea91e6\" data-element_type=\"column\" data-e-type=\"column\">\n\t\t\t<div class=\"elementor-widget-wrap elementor-element-populated\">\n\t\t\t\t\t\t<div class=\"elementor-element elementor-element-e5e1972 elementor-widget elementor-widget-text-editor\" data-id=\"e5e1972\" data-element_type=\"widget\" data-e-type=\"widget\" data-widget_type=\"text-editor.default\">\n\t\t\t\t<div class=\"elementor-widget-container\">\n\t\t\t\t\t\t\t\t\t<h3 class=\"\" style=\"text-align: center;\" data-start=\"541\" data-end=\"606\"><strong data-start=\"545\" data-end=\"606\">\u00c0 propos de Hire Cars Crete \u2013 Experts locaux en location de voitures depuis 1979<\/strong><\/h3><p>Depuis 1979, Hire Cars Crete propose des services de location de voitures fiables et abordables en Cr\u00e8te, permettant aux visiteurs d&rsquo;explorer l&rsquo;\u00eele avec confort, s\u00e9curit\u00e9 et style. Avec plus de 400 v\u00e9hicules dans notre flotte et plusieurs agences \u00e0 travers la Cr\u00e8te, nous sommes devenus l&rsquo;une des marques les plus fiables et exp\u00e9riment\u00e9es de la location de voitures en Cr\u00e8te.<\/p><p>Nous sommes fiers de proposer une large s\u00e9lection de v\u00e9hicules \u2013 des compactes et SUV aux cabriolets, Jeeps et minibus \u2013 pour tous les types de voyageurs, que vous soyez ici pour des vacances en famille, un voyage d&rsquo;affaires ou un road trip aventure.<\/p><hr class=\"\" data-start=\"1184\" data-end=\"1187\" \/><h3 data-start=\"1189\" data-end=\"1238\">\u00a0<\/h3><h3 class=\"\" style=\"text-align: center;\" data-start=\"1189\" data-end=\"1238\"><strong data-start=\"1193\" data-end=\"1238\">Pourquoi nous choisir pour votre location de voiture en Cr\u00e8te ?<\/strong><\/h3><p style=\"text-align: center;\">Plus de 40 ans d&rsquo;exp\u00e9rience<br \/>Des milliers de clients satisfaits nous font confiance depuis 1979 pour leur location de voiture en Cr\u00e8te.<\/p><p style=\"text-align: center;\">Vaste flotte, toujours renouvel\u00e9e<br \/>Plus de 400 v\u00e9hicules modernes en excellent \u00e9tat, renouvel\u00e9s tous les trois ans.<\/p><p style=\"text-align: center;\">Emplacements privil\u00e9gi\u00e9s sur toute l&rsquo;\u00eele<br \/>Nous intervenons \u00e0 l&rsquo;a\u00e9roport d&rsquo;H\u00e9raklion, \u00e0 l&rsquo;a\u00e9roport de La Can\u00e9e, au port d&rsquo;H\u00e9raklion, au port de La Can\u00e9e<br \/>et dans les principaux sites touristiques comme Hersonissos, Stalis et R\u00e9thymnon.<\/p><p style=\"text-align: center;\">Carte de cr\u00e9dit non requise<br \/>Options de paiement flexibles et tarifs transparents \u2013 aucun frais cach\u00e9.<\/p><p style=\"text-align: center;\">Assistance et livraison de voiture 24h\/24 et 7j\/7<br \/>Notre \u00e9quipe est disponible 24h\/24 pour la prise en charge, la restitution et l&rsquo;assistance routi\u00e8re partout en Cr\u00e8te.<\/p><hr class=\"\" data-start=\"1945\" data-end=\"1948\" \/><h3 data-start=\"1950\" data-end=\"2007\">\u00a0<\/h3><h3 class=\"\" style=\"text-align: center;\" data-start=\"1950\" data-end=\"2007\"><strong data-start=\"1954\" data-end=\"2007\">Location de voiture \u00e0 l&rsquo;a\u00e9roport d&rsquo;H\u00e9raklion et de La Can\u00e9e\u00a0: rapide et facile<\/strong><\/h3><p class=\"\" style=\"text-align: center;\" data-start=\"2009\" data-end=\"2269\">Besoin d&rsquo;une voiture d\u00e8s votre arriv\u00e9e\u00a0? Avec nos agences \u00e0 deux pas des a\u00e9roports d&rsquo;H\u00e9raklion et de La Can\u00e9e, vous pouvez commencer votre voyage sans attendre. Notre \u00e9quipe vous livrera votre v\u00e9hicule rapidement et assurera une prise en charge en douceur, pour que vous puissiez prendre la route sans stress.<\/p><hr class=\"\" data-start=\"2271\" data-end=\"2274\" \/><h3 data-start=\"2276\" data-end=\"2313\">\u00a0<\/h3><h3 class=\"\" style=\"text-align: center;\" data-start=\"2276\" data-end=\"2313\">Une entreprise locale \u00e0 laquelle vous pouvez faire confiance<\/h3><p class=\"\" style=\"text-align: center;\" data-start=\"2315\" data-end=\"2588\">Chez Hire Cars Crete, nous allions l&rsquo;esprit d&rsquo;entreprise locale au professionnalisme d&rsquo;une grande entreprise. Avec une \u00e9quipe d\u00e9vou\u00e9e de plus de 25 professionnels et deux garages enti\u00e8rement \u00e9quip\u00e9s, nous garantissons un service et une s\u00e9curit\u00e9 irr\u00e9prochables \u00e0 chaque client.<\/p><h3 class=\"\" style=\"text-align: center;\" data-start=\"2595\" data-end=\"2616\">Regard vers l&rsquo;avenir<\/h3><p class=\"\" style=\"text-align: center;\" data-start=\"2618\" data-end=\"2909\">Malgr\u00e9 notre croissance continue, notre objectif reste le m\u00eame\u00a0: proposer des locations de voitures de qualit\u00e9, abordables et avec un service exceptionnel en Cr\u00e8te. Prochainement, nous \u00e9tendrons nos services au tourisme, en proposant des transferts, des excursions, des r\u00e9servations d&rsquo;h\u00f4tel et bien plus encore, toujours avec le m\u00eame souci du d\u00e9tail.<\/p><hr class=\"\" data-start=\"2911\" data-end=\"2914\" \/><h3 style=\"text-align: center;\" data-start=\"2916\" data-end=\"3059\">R\u00e9servez votre voiture en ligne d\u00e8s aujourd&rsquo;hui et d\u00e9couvrez la Cr\u00e8te \u00e0 votre fa\u00e7on \u2013 avec la libert\u00e9, la flexibilit\u00e9 et le service amical que seul un expert local peut offrir.<\/h3>\t\t\t\t\t\t\t\t<\/div>\n\t\t\t\t<\/div>\n\t\t\t\t\t<\/div>\n\t\t<\/div>\n\t\t\t\t\t<\/div>\n\t\t<\/section>\n\t\t\t\t<\/div>\n\t\t","protected":false},"excerpt":{"rendered":"<p>\u00c0 propos de Hire Cars Crete \u2013 Experts locaux en location de voitures depuis 1979 Depuis 1979, Hire Cars Crete propose des services de location de voitures fiables et abordables en Cr\u00e8te, permettant aux visiteurs d&rsquo;explorer l&rsquo;\u00eele avec confort, s\u00e9curit\u00e9 et style. Avec plus de 400 v\u00e9hicules dans notre flotte et plusieurs agences \u00e0 travers [&hellip;]<\/p>\n","protected":false},"author":4,"featured_media":4533,"parent":0,"menu_order":0,"comment_status":"closed","ping_status":"closed","template":"","meta":{"_monsterinsights_skip_tracking":false,"_monsterinsights_sitenote_active":false,"_monsterinsights_sitenote_note":"","_monsterinsights_sitenote_category":0,"footnotes":""},"class_list":["post-6730","page","type-page","status-publish","has-post-thumbnail","hentry"],"yoast_head":"<!-- This site is optimized with the Yoast SEO plugin v27.5 - https:\/\/yoast.com\/product\/yoast-seo-wordpress\/ -->\n<title>\u00c0 PROPOS DE NOUS - Hire Cars Crete - Rent a Car<\/title>\n<meta name=\"robots\" content=\"index, follow, max-snippet:-1, max-image-preview:large, max-video-preview:-1\" \/>\n<link rel=\"canonical\" href=\"https:\/\/hire-cars-crete.gr\/profile\/\" \/>\n<meta property=\"og:locale\" content=\"fr_FR\" \/>\n<meta property=\"og:type\" content=\"article\" \/>\n<meta property=\"og:title\" content=\"\u00c0 PROPOS DE NOUS - Hire Cars Crete - Rent a Car\" \/>\n<meta property=\"og:description\" content=\"\u00c0 propos de Hire Cars Crete \u2013 Experts locaux en location de voitures depuis 1979 Depuis 1979, Hire Cars Crete propose des services de location de voitures fiables et abordables en Cr\u00e8te, permettant aux visiteurs d&rsquo;explorer l&rsquo;\u00eele avec confort, s\u00e9curit\u00e9 et style. Avec plus de 400 v\u00e9hicules dans notre flotte et plusieurs agences \u00e0 travers [&hellip;]\" \/>\n<meta property=\"og:url\" content=\"https:\/\/hire-cars-crete.gr\/profile\/\" \/>\n<meta property=\"og:site_name\" content=\"Hire Cars Crete - Rent a Car\" \/>\n<meta property=\"article:modified_time\" content=\"2025-04-08T14:45:46+00:00\" \/>\n<meta property=\"og:image\" content=\"https:\/\/hire-cars-crete.gr\/wp-content\/uploads\/2022\/04\/hire-cars-crete-1.jpg\" \/>\n\t<meta property=\"og:image:width\" content=\"284\" \/>\n\t<meta property=\"og:image:height\" content=\"284\" \/>\n\t<meta property=\"og:image:type\" content=\"image\/jpeg\" \/>\n<meta name=\"twitter:card\" content=\"summary_large_image\" \/>\n<meta name=\"twitter:label1\" content=\"Dur\u00e9e de lecture estim\u00e9e\" \/>\n\t<meta name=\"twitter:data1\" content=\"3 minutes\" \/>\n<script type=\"application\/ld+json\" class=\"yoast-schema-graph\">{\"@context\":\"https:\\\/\\\/schema.org\",\"@graph\":[{\"@type\":\"WebPage\",\"@id\":\"https:\\\/\\\/hire-cars-crete.gr\\\/profile\\\/\",\"url\":\"https:\\\/\\\/hire-cars-crete.gr\\\/profile\\\/\",\"name\":\"\u00c0 PROPOS DE NOUS - Hire Cars Crete - Rent a Car\",\"isPartOf\":{\"@id\":\"https:\\\/\\\/hire-cars-crete.gr\\\/#website\"},\"primaryImageOfPage\":{\"@id\":\"https:\\\/\\\/hire-cars-crete.gr\\\/profile\\\/#primaryimage\"},\"image\":{\"@id\":\"https:\\\/\\\/hire-cars-crete.gr\\\/profile\\\/#primaryimage\"},\"thumbnailUrl\":\"https:\\\/\\\/hire-cars-crete.gr\\\/wp-content\\\/uploads\\\/2022\\\/04\\\/hire-cars-crete-1.jpg\",\"datePublished\":\"2022-02-09T08:58:04+00:00\",\"dateModified\":\"2025-04-08T14:45:46+00:00\",\"breadcrumb\":{\"@id\":\"https:\\\/\\\/hire-cars-crete.gr\\\/profile\\\/#breadcrumb\"},\"inLanguage\":\"fr-FR\",\"potentialAction\":[{\"@type\":\"ReadAction\",\"target\":[\"https:\\\/\\\/hire-cars-crete.gr\\\/profile\\\/\"]}]},{\"@type\":\"ImageObject\",\"inLanguage\":\"fr-FR\",\"@id\":\"https:\\\/\\\/hire-cars-crete.gr\\\/profile\\\/#primaryimage\",\"url\":\"https:\\\/\\\/hire-cars-crete.gr\\\/wp-content\\\/uploads\\\/2022\\\/04\\\/hire-cars-crete-1.jpg\",\"contentUrl\":\"https:\\\/\\\/hire-cars-crete.gr\\\/wp-content\\\/uploads\\\/2022\\\/04\\\/hire-cars-crete-1.jpg\",\"width\":284,\"height\":284,\"caption\":\"Hire a Car Crete \u2022 Cheap car rental in Crete with Hire Cars Crete\"},{\"@type\":\"BreadcrumbList\",\"@id\":\"https:\\\/\\\/hire-cars-crete.gr\\\/profile\\\/#breadcrumb\",\"itemListElement\":[{\"@type\":\"ListItem\",\"position\":1,\"name\":\"Home\",\"item\":\"https:\\\/\\\/hire-cars-crete.gr\\\/\"},{\"@type\":\"ListItem\",\"position\":2,\"name\":\"\u00c0 PROPOS DE NOUS\"}]},{\"@type\":\"WebSite\",\"@id\":\"https:\\\/\\\/hire-cars-crete.gr\\\/#website\",\"url\":\"https:\\\/\\\/hire-cars-crete.gr\\\/\",\"name\":\"Hire Cars Crete - Rent a Car\",\"description\":\"Car Hire - Crete Greece\",\"publisher\":{\"@id\":\"https:\\\/\\\/hire-cars-crete.gr\\\/#organization\"},\"potentialAction\":[{\"@type\":\"SearchAction\",\"target\":{\"@type\":\"EntryPoint\",\"urlTemplate\":\"https:\\\/\\\/hire-cars-crete.gr\\\/?s={search_term_string}\"},\"query-input\":{\"@type\":\"PropertyValueSpecification\",\"valueRequired\":true,\"valueName\":\"search_term_string\"}}],\"inLanguage\":\"fr-FR\"},{\"@type\":\"Organization\",\"@id\":\"https:\\\/\\\/hire-cars-crete.gr\\\/#organization\",\"name\":\"Hire Cars Crete - Rent a Car\",\"url\":\"https:\\\/\\\/hire-cars-crete.gr\\\/\",\"logo\":{\"@type\":\"ImageObject\",\"inLanguage\":\"fr-FR\",\"@id\":\"https:\\\/\\\/hire-cars-crete.gr\\\/#\\\/schema\\\/logo\\\/image\\\/\",\"url\":\"https:\\\/\\\/hire-cars-crete.gr\\\/wp-content\\\/uploads\\\/2022\\\/01\\\/hire-cars-logo300.png\",\"contentUrl\":\"https:\\\/\\\/hire-cars-crete.gr\\\/wp-content\\\/uploads\\\/2022\\\/01\\\/hire-cars-logo300.png\",\"width\":300,\"height\":76,\"caption\":\"Hire Cars Crete - Rent a Car\"},\"image\":{\"@id\":\"https:\\\/\\\/hire-cars-crete.gr\\\/#\\\/schema\\\/logo\\\/image\\\/\"}}]}<\/script>\n<!-- \/ Yoast SEO plugin. -->","yoast_head_json":{"title":"\u00c0 PROPOS DE NOUS - Hire Cars Crete - Rent a Car","robots":{"index":"index","follow":"follow","max-snippet":"max-snippet:-1","max-image-preview":"max-image-preview:large","max-video-preview":"max-video-preview:-1"},"canonical":"https:\/\/hire-cars-crete.gr\/profile\/","og_locale":"fr_FR","og_type":"article","og_title":"\u00c0 PROPOS DE NOUS - Hire Cars Crete - Rent a Car","og_description":"\u00c0 propos de Hire Cars Crete \u2013 Experts locaux en location de voitures depuis 1979 Depuis 1979, Hire Cars Crete propose des services de location de voitures fiables et abordables en Cr\u00e8te, permettant aux visiteurs d&rsquo;explorer l&rsquo;\u00eele avec confort, s\u00e9curit\u00e9 et style. Avec plus de 400 v\u00e9hicules dans notre flotte et plusieurs agences \u00e0 travers [&hellip;]","og_url":"https:\/\/hire-cars-crete.gr\/profile\/","og_site_name":"Hire Cars Crete - Rent a Car","article_modified_time":"2025-04-08T14:45:46+00:00","og_image":[{"width":284,"height":284,"url":"https:\/\/hire-cars-crete.gr\/wp-content\/uploads\/2022\/04\/hire-cars-crete-1.jpg","type":"image\/jpeg"}],"twitter_card":"summary_large_image","twitter_misc":{"Dur\u00e9e de lecture estim\u00e9e":"3 minutes"},"schema":{"@context":"https:\/\/schema.org","@graph":[{"@type":"WebPage","@id":"https:\/\/hire-cars-crete.gr\/profile\/","url":"https:\/\/hire-cars-crete.gr\/profile\/","name":"\u00c0 PROPOS DE NOUS - Hire Cars Crete - Rent a Car","isPartOf":{"@id":"https:\/\/hire-cars-crete.gr\/#website"},"primaryImageOfPage":{"@id":"https:\/\/hire-cars-crete.gr\/profile\/#primaryimage"},"image":{"@id":"https:\/\/hire-cars-crete.gr\/profile\/#primaryimage"},"thumbnailUrl":"https:\/\/hire-cars-crete.gr\/wp-content\/uploads\/2022\/04\/hire-cars-crete-1.jpg","datePublished":"2022-02-09T08:58:04+00:00","dateModified":"2025-04-08T14:45:46+00:00","breadcrumb":{"@id":"https:\/\/hire-cars-crete.gr\/profile\/#breadcrumb"},"inLanguage":"fr-FR","potentialAction":[{"@type":"ReadAction","target":["https:\/\/hire-cars-crete.gr\/profile\/"]}]},{"@type":"ImageObject","inLanguage":"fr-FR","@id":"https:\/\/hire-cars-crete.gr\/profile\/#primaryimage","url":"https:\/\/hire-cars-crete.gr\/wp-content\/uploads\/2022\/04\/hire-cars-crete-1.jpg","contentUrl":"https:\/\/hire-cars-crete.gr\/wp-content\/uploads\/2022\/04\/hire-cars-crete-1.jpg","width":284,"height":284,"caption":"Hire a Car Crete \u2022 Cheap car rental in Crete with Hire Cars Crete"},{"@type":"BreadcrumbList","@id":"https:\/\/hire-cars-crete.gr\/profile\/#breadcrumb","itemListElement":[{"@type":"ListItem","position":1,"name":"Home","item":"https:\/\/hire-cars-crete.gr\/"},{"@type":"ListItem","position":2,"name":"\u00c0 PROPOS DE NOUS"}]},{"@type":"WebSite","@id":"https:\/\/hire-cars-crete.gr\/#website","url":"https:\/\/hire-cars-crete.gr\/","name":"Hire Cars Crete - Rent a Car","description":"Car Hire - Crete Greece","publisher":{"@id":"https:\/\/hire-cars-crete.gr\/#organization"},"potentialAction":[{"@type":"SearchAction","target":{"@type":"EntryPoint","urlTemplate":"https:\/\/hire-cars-crete.gr\/?s={search_term_string}"},"query-input":{"@type":"PropertyValueSpecification","valueRequired":true,"valueName":"search_term_string"}}],"inLanguage":"fr-FR"},{"@type":"Organization","@id":"https:\/\/hire-cars-crete.gr\/#organization","name":"Hire Cars Crete - Rent a Car","url":"https:\/\/hire-cars-crete.gr\/","logo":{"@type":"ImageObject","inLanguage":"fr-FR","@id":"https:\/\/hire-cars-crete.gr\/#\/schema\/logo\/image\/","url":"https:\/\/hire-cars-crete.gr\/wp-content\/uploads\/2022\/01\/hire-cars-logo300.png","contentUrl":"https:\/\/hire-cars-crete.gr\/wp-content\/uploads\/2022\/01\/hire-cars-logo300.png","width":300,"height":76,"caption":"Hire Cars Crete - Rent a Car"},"image":{"@id":"https:\/\/hire-cars-crete.gr\/#\/schema\/logo\/image\/"}}]}},"_links":{"self":[{"href":"https:\/\/hire-cars-crete.gr\/fr\/wp-json\/wp\/v2\/pages\/6730","targetHints":{"allow":["GET"]}}],"collection":[{"href":"https:\/\/hire-cars-crete.gr\/fr\/wp-json\/wp\/v2\/pages"}],"about":[{"href":"https:\/\/hire-cars-crete.gr\/fr\/wp-json\/wp\/v2\/types\/page"}],"author":[{"embeddable":true,"href":"https:\/\/hire-cars-crete.gr\/fr\/wp-json\/wp\/v2\/users\/4"}],"replies":[{"embeddable":true,"href":"https:\/\/hire-cars-crete.gr\/fr\/wp-json\/wp\/v2\/comments?post=6730"}],"version-history":[{"count":0,"href":"https:\/\/hire-cars-crete.gr\/fr\/wp-json\/wp\/v2\/pages\/6730\/revisions"}],"wp:featuredmedia":[{"embeddable":true,"href":"https:\/\/hire-cars-crete.gr\/fr\/wp-json\/wp\/v2\/media\/4533"}],"wp:attachment":[{"href":"https:\/\/hire-cars-crete.gr\/fr\/wp-json\/wp\/v2\/media?parent=6730"}],"curies":[{"name":"wp","href":"https:\/\/api.w.org\/{rel}","templated":true}]}}